{"id":32,"date":"2023-09-21T13:08:16","date_gmt":"2023-09-21T11:08:16","guid":{"rendered":"https:\/\/gridnet.hu\/?page_id=32"},"modified":"2023-09-22T07:30:06","modified_gmt":"2023-09-22T05:30:06","slug":"it-biztonsag","status":"publish","type":"page","link":"https:\/\/gridnet.hu\/?page_id=32","title":{"rendered":"IT Biztons\u00e1g"},"content":{"rendered":"<p><\/p>\r\n<h1 class=\"wp-block-preformatted\"><span style=\"font-family: arial, helvetica, sans-serif;\"><span style=\"font-size: 24px;\">Az IT biztons\u00e1g szem\u00e9lyre szabott megk\u00f6zel\u00edt\u00e9se \u00e9s szakmai tan\u00e1csad\u00e1s <\/span><\/span><\/h1>\r\n<p class=\"wp-block-preformatted\"><span style=\"font-family: arial, helvetica, sans-serif;\"> <span style=\"font-size: 20px;\">Egy hat\u00e9kony v\u00e1llalati informatikai rendszernek egyidej\u0171leg kell biztos\u00edtania az IT biztons\u00e1got \u00e9s \u00e1tl\u00e1that\u00f3s\u00e1got. M\u00e9g a legfejlettebb v\u00edrusirt\u00f3 szoftverek sem elegend\u0151ek, ha nincs megfelel\u0151 ismeret\u00fcnk arr\u00f3l, hol tal\u00e1lhat\u00f3ak a v\u00e1llalati jelszavak. A GRID NET csapata olyan informatikai strukt\u00far\u00e1t tervez v\u00e1llalkoz\u00e1s\u00e1nak, ahol visszanyerheti az ir\u00e1ny\u00edt\u00e1st. <\/span><\/span><\/p>\r\n<h1 class=\"wp-block-preformatted\"><span style=\"font-family: arial, helvetica, sans-serif; font-size: 24px;\">T<\/span><span style=\"font-family: arial, helvetica, sans-serif;\"><span style=\"font-size: 20px;\"><span style=\"font-size: 24px;\">eljes k\u00f6r\u0171 IT biztons\u00e1gtervez\u00e9s<\/span> <\/span><\/span><\/h1>\r\n<p><span style=\"font-family: arial, helvetica, sans-serif;\"><span style=\"font-size: 20px;\">A figyelmetlens\u00e9g sokszor vesz\u00e9lyesebb, mint a k\u00fcls\u0151 t\u00e1mad\u00e1sok! A v\u00e1llalatok t\u00f6bbs\u00e9g\u00e9n\u00e9l a legnagyobb IT biztons\u00e1gi kock\u00e1zatot az ott dolgoz\u00f3k jelentik. Ez\u00e9rt nem csak a rendelkez\u00e9sre \u00e1ll\u00f3 technol\u00f3gi\u00e1kat vizsg\u00e1ljuk, hanem a szervezeti m\u0171k\u00f6d\u00e9st is. Hisz\u00fcnk abban, hogy egy v\u00e1llalat informatikai biztons\u00e1ga nagy m\u00e9rt\u00e9kben f\u00fcgg a munkat\u00e1rsak felk\u00e9sz\u00fclts\u00e9g\u00e9t\u0151l, \u00e9s rendszeres oktat\u00e1sok \u00e9pp olyan fontosak, mint a szoftverfriss\u00edt\u00e9sek. <\/span><\/span><\/p>\r\n<h1 class=\"wp-block-preformatted\"><span style=\"font-family: arial, helvetica, sans-serif; font-size: 24px;\">V\u00e9gpontv\u00e9delem \u00e9s v\u00edrusv\u00e9delem <\/span><\/h1>\r\n<p><span style=\"font-family: arial, helvetica, sans-serif;\"><span style=\"font-size: 20px;\">Megv\u00e9dj\u00fck eszk\u00f6zeit az iroda ter\u00fclet\u00e9n k\u00edv\u00fcl is! Az iroda ter\u00fclet\u00e9t elhagy\u00f3 eszk\u00f6z\u00f6k potenci\u00e1lis bel\u00e9p\u00e9si pontok lehetnek biztons\u00e1gi incidensekhez, gyakran a h\u00e1l\u00f3zati biztons\u00e1g leggyeng\u00e9bb l\u00e1ncszemei. Rugalmas v\u00e9gpontv\u00e9delmi szolg\u00e1ltat\u00e1sainkat b\u00e1rmilyen v\u00e1llalkoz\u00e1s m\u00e9ret\u00e9hez testreszabhatjuk, teljes k\u00f6r\u0171 v\u00e9delmet ny\u00fajtunk a v\u00edrusok, spam \u00fczenetek \u00e9s egy\u00e9b k\u00fcls\u0151 t\u00e1mad\u00e1sok ellen. <\/span><\/span><\/p>\r\n<p><\/p>","protected":false},"excerpt":{"rendered":"<p>Az IT biztons\u00e1g szem\u00e9lyre szabott megk\u00f6zel\u00edt\u00e9se \u00e9s szakmai tan\u00e1csad\u00e1s Egy hat\u00e9kony v\u00e1llalati informatikai rendszernek egyidej\u0171leg kell biztos\u00edtania az IT biztons\u00e1got \u00e9s \u00e1tl\u00e1that\u00f3s\u00e1got. M\u00e9g a legfejlettebb v\u00edrusirt\u00f3 szoftverek sem elegend\u0151ek, ha nincs megfelel\u0151 ismeret\u00fcnk arr\u00f3l, hol tal\u00e1lhat\u00f3ak a v\u00e1llalati jelszavak. A GRID NET csapata olyan informatikai strukt\u00far\u00e1t tervez v\u00e1llalkoz\u00e1s\u00e1nak, ahol visszanyerheti az ir\u00e1ny\u00edt\u00e1st. Teljes k\u00f6r\u0171 IT [&hellip;]<\/p>\n","protected":false},"author":1,"featured_media":0,"parent":0,"menu_order":0,"comment_status":"closed","ping_status":"closed","template":"page-templates\/page-full-width.php","meta":{"footnotes":""},"class_list":["post-32","page","type-page","status-publish","hentry"],"yoast_head":"<!-- This site is optimized with the Yoast SEO plugin v21.4 - https:\/\/yoast.com\/wordpress\/plugins\/seo\/ -->\n<title>IT Biztons\u00e1g - GRID NET Zrt. - IT<\/title>\n<meta name=\"description\" content=\"Informatikai szolg\u00e1ltat\u00e1sok \u00e9s h\u00e1l\u00f3zat\u00e9p\u00edt\u00e9s szak\u00e9rt\u0151kt\u0151l a Grid Net Zrt-n\u00e9l. Seg\u00edt\u00fcnk v\u00e1llalkoz\u00e1s\u00e1nak.\" \/>\n<meta name=\"robots\" content=\"index, follow, max-snippet:-1, max-image-preview:large, max-video-preview:-1\" \/>\n<link rel=\"canonical\" href=\"https:\/\/gridnet.hu\/?page_id=32\" \/>\n<meta property=\"og:locale\" content=\"hu_HU\" \/>\n<meta property=\"og:type\" content=\"article\" \/>\n<meta property=\"og:title\" content=\"IT Biztons\u00e1g - GRID NET Zrt. - IT\" \/>\n<meta property=\"og:description\" content=\"Informatikai szolg\u00e1ltat\u00e1sok \u00e9s h\u00e1l\u00f3zat\u00e9p\u00edt\u00e9s szak\u00e9rt\u0151kt\u0151l a Grid Net Zrt-n\u00e9l. Seg\u00edt\u00fcnk v\u00e1llalkoz\u00e1s\u00e1nak.\" \/>\n<meta property=\"og:url\" content=\"https:\/\/gridnet.hu\/?page_id=32\" \/>\n<meta property=\"og:site_name\" content=\"GRID NET Zrt. - IT\" \/>\n<meta property=\"article:publisher\" content=\"https:\/\/www.facebook.com\/profile.php?id=61551689613377\" \/>\n<meta property=\"article:modified_time\" content=\"2023-09-22T05:30:06+00:00\" \/>\n<meta name=\"twitter:card\" content=\"summary_large_image\" \/>\n<meta name=\"twitter:label1\" content=\"Becs\u00fclt olvas\u00e1si id\u0151\" \/>\n\t<meta name=\"twitter:data1\" content=\"1 perc\" \/>\n<script type=\"application\/ld+json\" class=\"yoast-schema-graph\">{\"@context\":\"https:\/\/schema.org\",\"@graph\":[{\"@type\":\"WebPage\",\"@id\":\"https:\/\/gridnet.hu\/?page_id=32\",\"url\":\"https:\/\/gridnet.hu\/?page_id=32\",\"name\":\"IT Biztons\u00e1g - GRID NET Zrt. - IT\",\"isPartOf\":{\"@id\":\"https:\/\/gridnet.hu\/#website\"},\"datePublished\":\"2023-09-21T11:08:16+00:00\",\"dateModified\":\"2023-09-22T05:30:06+00:00\",\"description\":\"Informatikai szolg\u00e1ltat\u00e1sok \u00e9s h\u00e1l\u00f3zat\u00e9p\u00edt\u00e9s szak\u00e9rt\u0151kt\u0151l a Grid Net Zrt-n\u00e9l. Seg\u00edt\u00fcnk v\u00e1llalkoz\u00e1s\u00e1nak.\",\"breadcrumb\":{\"@id\":\"https:\/\/gridnet.hu\/?page_id=32#breadcrumb\"},\"inLanguage\":\"hu\",\"potentialAction\":[{\"@type\":\"ReadAction\",\"target\":[\"https:\/\/gridnet.hu\/?page_id=32\"]}]},{\"@type\":\"BreadcrumbList\",\"@id\":\"https:\/\/gridnet.hu\/?page_id=32#breadcrumb\",\"itemListElement\":[{\"@type\":\"ListItem\",\"position\":1,\"name\":\"Kezd\u0151lap\",\"item\":\"https:\/\/gridnet.hu\/\"},{\"@type\":\"ListItem\",\"position\":2,\"name\":\"IT Biztons\u00e1g\"}]},{\"@type\":\"WebSite\",\"@id\":\"https:\/\/gridnet.hu\/#website\",\"url\":\"https:\/\/gridnet.hu\/\",\"name\":\"GRID NET Zrt. - IT\",\"description\":\"GRID NET Zrt. Informatikai - Rendszergazdai szolg\u00e1ltat\u00e1sok!\",\"publisher\":{\"@id\":\"https:\/\/gridnet.hu\/#organization\"},\"alternateName\":\"GRID NET Zrt.\",\"potentialAction\":[{\"@type\":\"SearchAction\",\"target\":{\"@type\":\"EntryPoint\",\"urlTemplate\":\"https:\/\/gridnet.hu\/?s={search_term_string}\"},\"query-input\":\"required name=search_term_string\"}],\"inLanguage\":\"hu\"},{\"@type\":\"Organization\",\"@id\":\"https:\/\/gridnet.hu\/#organization\",\"name\":\"GRID NET Zrt.\",\"url\":\"https:\/\/gridnet.hu\/\",\"logo\":{\"@type\":\"ImageObject\",\"inLanguage\":\"hu\",\"@id\":\"https:\/\/gridnet.hu\/#\/schema\/logo\/image\/\",\"url\":\"https:\/\/gridnet.hu\/wp-content\/uploads\/2023\/09\/gridnet_logo.png\",\"contentUrl\":\"https:\/\/gridnet.hu\/wp-content\/uploads\/2023\/09\/gridnet_logo.png\",\"width\":1768,\"height\":500,\"caption\":\"GRID NET Zrt.\"},\"image\":{\"@id\":\"https:\/\/gridnet.hu\/#\/schema\/logo\/image\/\"},\"sameAs\":[\"https:\/\/www.facebook.com\/profile.php?id=61551689613377\"]}]}<\/script>\n<!-- \/ Yoast SEO plugin. -->","yoast_head_json":{"title":"IT Biztons\u00e1g - GRID NET Zrt. - IT","description":"Informatikai szolg\u00e1ltat\u00e1sok \u00e9s h\u00e1l\u00f3zat\u00e9p\u00edt\u00e9s szak\u00e9rt\u0151kt\u0151l a Grid Net Zrt-n\u00e9l. Seg\u00edt\u00fcnk v\u00e1llalkoz\u00e1s\u00e1nak.","robots":{"index":"index","follow":"follow","max-snippet":"max-snippet:-1","max-image-preview":"max-image-preview:large","max-video-preview":"max-video-preview:-1"},"canonical":"https:\/\/gridnet.hu\/?page_id=32","og_locale":"hu_HU","og_type":"article","og_title":"IT Biztons\u00e1g - GRID NET Zrt. - IT","og_description":"Informatikai szolg\u00e1ltat\u00e1sok \u00e9s h\u00e1l\u00f3zat\u00e9p\u00edt\u00e9s szak\u00e9rt\u0151kt\u0151l a Grid Net Zrt-n\u00e9l. Seg\u00edt\u00fcnk v\u00e1llalkoz\u00e1s\u00e1nak.","og_url":"https:\/\/gridnet.hu\/?page_id=32","og_site_name":"GRID NET Zrt. - IT","article_publisher":"https:\/\/www.facebook.com\/profile.php?id=61551689613377","article_modified_time":"2023-09-22T05:30:06+00:00","twitter_card":"summary_large_image","twitter_misc":{"Becs\u00fclt olvas\u00e1si id\u0151":"1 perc"},"schema":{"@context":"https:\/\/schema.org","@graph":[{"@type":"WebPage","@id":"https:\/\/gridnet.hu\/?page_id=32","url":"https:\/\/gridnet.hu\/?page_id=32","name":"IT Biztons\u00e1g - GRID NET Zrt. - IT","isPartOf":{"@id":"https:\/\/gridnet.hu\/#website"},"datePublished":"2023-09-21T11:08:16+00:00","dateModified":"2023-09-22T05:30:06+00:00","description":"Informatikai szolg\u00e1ltat\u00e1sok \u00e9s h\u00e1l\u00f3zat\u00e9p\u00edt\u00e9s szak\u00e9rt\u0151kt\u0151l a Grid Net Zrt-n\u00e9l. Seg\u00edt\u00fcnk v\u00e1llalkoz\u00e1s\u00e1nak.","breadcrumb":{"@id":"https:\/\/gridnet.hu\/?page_id=32#breadcrumb"},"inLanguage":"hu","potentialAction":[{"@type":"ReadAction","target":["https:\/\/gridnet.hu\/?page_id=32"]}]},{"@type":"BreadcrumbList","@id":"https:\/\/gridnet.hu\/?page_id=32#breadcrumb","itemListElement":[{"@type":"ListItem","position":1,"name":"Kezd\u0151lap","item":"https:\/\/gridnet.hu\/"},{"@type":"ListItem","position":2,"name":"IT Biztons\u00e1g"}]},{"@type":"WebSite","@id":"https:\/\/gridnet.hu\/#website","url":"https:\/\/gridnet.hu\/","name":"GRID NET Zrt. - IT","description":"GRID NET Zrt. Informatikai - Rendszergazdai szolg\u00e1ltat\u00e1sok!","publisher":{"@id":"https:\/\/gridnet.hu\/#organization"},"alternateName":"GRID NET Zrt.","potentialAction":[{"@type":"SearchAction","target":{"@type":"EntryPoint","urlTemplate":"https:\/\/gridnet.hu\/?s={search_term_string}"},"query-input":"required name=search_term_string"}],"inLanguage":"hu"},{"@type":"Organization","@id":"https:\/\/gridnet.hu\/#organization","name":"GRID NET Zrt.","url":"https:\/\/gridnet.hu\/","logo":{"@type":"ImageObject","inLanguage":"hu","@id":"https:\/\/gridnet.hu\/#\/schema\/logo\/image\/","url":"https:\/\/gridnet.hu\/wp-content\/uploads\/2023\/09\/gridnet_logo.png","contentUrl":"https:\/\/gridnet.hu\/wp-content\/uploads\/2023\/09\/gridnet_logo.png","width":1768,"height":500,"caption":"GRID NET Zrt."},"image":{"@id":"https:\/\/gridnet.hu\/#\/schema\/logo\/image\/"},"sameAs":["https:\/\/www.facebook.com\/profile.php?id=61551689613377"]}]}},"_links":{"self":[{"href":"https:\/\/gridnet.hu\/index.php?rest_route=\/wp\/v2\/pages\/32","targetHints":{"allow":["GET"]}}],"collection":[{"href":"https:\/\/gridnet.hu\/index.php?rest_route=\/wp\/v2\/pages"}],"about":[{"href":"https:\/\/gridnet.hu\/index.php?rest_route=\/wp\/v2\/types\/page"}],"author":[{"embeddable":true,"href":"https:\/\/gridnet.hu\/index.php?rest_route=\/wp\/v2\/users\/1"}],"replies":[{"embeddable":true,"href":"https:\/\/gridnet.hu\/index.php?rest_route=%2Fwp%2Fv2%2Fcomments&post=32"}],"version-history":[{"count":15,"href":"https:\/\/gridnet.hu\/index.php?rest_route=\/wp\/v2\/pages\/32\/revisions"}],"predecessor-version":[{"id":55,"href":"https:\/\/gridnet.hu\/index.php?rest_route=\/wp\/v2\/pages\/32\/revisions\/55"}],"wp:attachment":[{"href":"https:\/\/gridnet.hu\/index.php?rest_route=%2Fwp%2Fv2%2Fmedia&parent=32"}],"curies":[{"name":"wp","href":"https:\/\/api.w.org\/{rel}","templated":true}]}}