{"id":65,"date":"2023-09-22T07:54:34","date_gmt":"2023-09-22T05:54:34","guid":{"rendered":"https:\/\/gridnet.hu\/?page_id=65"},"modified":"2023-09-22T07:57:45","modified_gmt":"2023-09-22T05:57:45","slug":"rendszergazdai-szolgaltatasok","status":"publish","type":"page","link":"https:\/\/gridnet.hu\/?page_id=65","title":{"rendered":"Rendszergazdai szolg\u00e1ltat\u00e1sok"},"content":{"rendered":"<h1><span style=\"font-family: arial, helvetica, sans-serif; font-size: 24px; color: #000000;\"><strong>V\u00e1lasszon k\u00f6lts\u00e9ghat\u00e9kony rendszergazdai szolg\u00e1ltat\u00e1st!<\/strong><\/span><\/h1>\n<p><span style=\"font-family: arial, helvetica, sans-serif; color: #000000;\">\ud83d\udcbc <span style=\"font-size: 20px;\">C\u00e9ge biztons\u00e1g\u00e1\u00e9rt, hat\u00e9kony m\u0171k\u00f6d\u00e9s\u00e9\u00e9rt \u00e9s folyamatos fejl\u0151d\u00e9s\u00e9\u00e9rt van sz\u00fcks\u00e9ge megb\u00edzhat\u00f3 rendszergazdai szolg\u00e1ltat\u00e1sokra. Mi, a GRID NET, itt vagyunk, hogy seg\u00edts\u00fcnk \u00d6nnek a siker \u00fatj\u00e1n!<\/span><\/span><\/p>\n<p><span style=\"font-family: arial, helvetica, sans-serif; font-size: 20px; color: #000000;\">\ud83d\udd10 Rendszergazdai Szak\u00e9rt\u0151k: Tapasztalt csapatunk naprak\u00e9sz technol\u00f3giai ismeretekkel rendelkezik, \u00e9s k\u00e9pes b\u00e1rmilyen informatikai kih\u00edv\u00e1st kezelni. Biztos\u00edtjuk, hogy IT rendszerei mindig a legmagasabb szinten m\u0171k\u00f6djenek.<\/span><\/p>\n<p><span style=\"font-family: arial, helvetica, sans-serif; font-size: 20px; color: #000000;\">\u23f0 Rugalmas \u00d3rad\u00edjas Szolg\u00e1ltat\u00e1sok: N\u00e1lunk \u00d6n hat\u00e1rozhatja meg, hogy mikor \u00e9s mennyit szeretne ig\u00e9nybe venni a szolg\u00e1ltat\u00e1sainkb\u00f3l. Az \u00f3rad\u00edjas opci\u00f3val \u00d6n teljes kontrollt gyakorolhat a k\u00f6lts\u00e9gek felett, mik\u00f6zben megkapja a professzion\u00e1lis seg\u00edts\u00e9get.<\/span><\/p>\n<p><span style=\"font-family: arial, helvetica, sans-serif; font-size: 20px; color: #000000;\">\ud83d\udcbc \u00c1tal\u00e1nyd\u00edjas Megold\u00e1sok: Ha szeretn\u00e9 kisz\u00e1m\u00edthat\u00f3bb\u00e1 tenni az IT k\u00f6lts\u00e9geit, v\u00e1lassza \u00e1tal\u00e1nyd\u00edjas szolg\u00e1ltat\u00e1sunkat! Fix havi d\u00edj\u00e9rt cser\u00e9be sz\u00e9les k\u00f6r\u0171 technikai t\u00e1mogat\u00e1st kap, ami megk\u00f6nny\u00edti a k\u00f6lts\u00e9gvet\u00e9s tervez\u00e9s\u00e9t.<\/span><\/p>\n<p><span style=\"font-family: arial, helvetica, sans-serif; font-size: 20px; color: #000000;\">\ud83c\udf10 Dedik\u00e1lt Rendelkez\u00e9sre \u00c1ll\u00e1s: Nem sz\u00e1m\u00edt, hogy \u00e9jjel vagy nappal, h\u00e9tv\u00e9g\u00e9n vagy \u00fcnnepnapokon van sz\u00fcks\u00e9ge seg\u00edts\u00e9gre &#8211; mi mindig el\u00e9rhet\u0151ek vagyunk! A dedik\u00e1lt rendelkez\u00e9sre \u00e1ll\u00e1s szolg\u00e1ltat\u00e1sunkkal garant\u00e1ljuk, hogy soha ne maradjon mag\u00e1ra.<\/span><\/p>\n<p><span style=\"font-family: arial, helvetica, sans-serif; font-size: 20px; color: #000000;\">Ne engedje, hogy az informatikai probl\u00e9m\u00e1k h\u00e1tr\u00e1ltass\u00e1k v\u00e1llalkoz\u00e1s\u00e1t! V\u00e1lassza a [C\u00e9gneve] Rendszergazdai Szolg\u00e1ltat\u00e1sait, \u00e9s l\u00e9pjen vel\u00fcnk kapcsolatba ma, hogy t\u00f6bbet megtudjon arr\u00f3l, hogyan seg\u00edthet\u00fcnk v\u00e1llalkoz\u00e1s\u00e1nak a hat\u00e9kony m\u0171k\u00f6d\u00e9sben \u00e9s a fejl\u0151d\u00e9sben.<\/span><\/p>\n","protected":false},"excerpt":{"rendered":"<p>V\u00e1lasszon k\u00f6lts\u00e9ghat\u00e9kony rendszergazdai szolg\u00e1ltat\u00e1st! \ud83d\udcbc C\u00e9ge biztons\u00e1g\u00e1\u00e9rt, hat\u00e9kony m\u0171k\u00f6d\u00e9s\u00e9\u00e9rt \u00e9s folyamatos fejl\u0151d\u00e9s\u00e9\u00e9rt van sz\u00fcks\u00e9ge megb\u00edzhat\u00f3 rendszergazdai szolg\u00e1ltat\u00e1sokra. Mi, a GRID NET, itt vagyunk, hogy seg\u00edts\u00fcnk \u00d6nnek a siker \u00fatj\u00e1n! \ud83d\udd10 Rendszergazdai Szak\u00e9rt\u0151k: Tapasztalt csapatunk naprak\u00e9sz technol\u00f3giai ismeretekkel rendelkezik, \u00e9s k\u00e9pes b\u00e1rmilyen informatikai kih\u00edv\u00e1st kezelni. Biztos\u00edtjuk, hogy IT rendszerei mindig a legmagasabb szinten m\u0171k\u00f6djenek. \u23f0 Rugalmas [&hellip;]<\/p>\n","protected":false},"author":1,"featured_media":0,"parent":0,"menu_order":0,"comment_status":"closed","ping_status":"closed","template":"page-templates\/page-full-width.php","meta":{"footnotes":""},"class_list":["post-65","page","type-page","status-publish","hentry"],"yoast_head":"<!-- This site is optimized with the Yoast SEO plugin v21.4 - https:\/\/yoast.com\/wordpress\/plugins\/seo\/ -->\n<title>Rendszergazdai szolg\u00e1ltat\u00e1sok - GRID NET Zrt. - IT<\/title>\n<meta name=\"description\" content=\"Informatikai szolg\u00e1ltat\u00e1sok \u00e9s h\u00e1l\u00f3zat\u00e9p\u00edt\u00e9s szak\u00e9rt\u0151kt\u0151l a Grid Net Zrt-n\u00e9l. Seg\u00edt\u00fcnk v\u00e1llalkoz\u00e1s\u00e1nak.\" \/>\n<meta name=\"robots\" content=\"index, follow, max-snippet:-1, max-image-preview:large, max-video-preview:-1\" \/>\n<link rel=\"canonical\" href=\"https:\/\/gridnet.hu\/?page_id=65\" \/>\n<meta property=\"og:locale\" content=\"hu_HU\" \/>\n<meta property=\"og:type\" content=\"article\" \/>\n<meta property=\"og:title\" content=\"Rendszergazdai szolg\u00e1ltat\u00e1sok - GRID NET Zrt. - IT\" \/>\n<meta property=\"og:description\" content=\"Informatikai szolg\u00e1ltat\u00e1sok \u00e9s h\u00e1l\u00f3zat\u00e9p\u00edt\u00e9s szak\u00e9rt\u0151kt\u0151l a Grid Net Zrt-n\u00e9l. Seg\u00edt\u00fcnk v\u00e1llalkoz\u00e1s\u00e1nak.\" \/>\n<meta property=\"og:url\" content=\"https:\/\/gridnet.hu\/?page_id=65\" \/>\n<meta property=\"og:site_name\" content=\"GRID NET Zrt. - IT\" \/>\n<meta property=\"article:publisher\" content=\"https:\/\/www.facebook.com\/profile.php?id=61551689613377\" \/>\n<meta property=\"article:modified_time\" content=\"2023-09-22T05:57:45+00:00\" \/>\n<meta name=\"twitter:card\" content=\"summary_large_image\" \/>\n<meta name=\"twitter:label1\" content=\"Becs\u00fclt olvas\u00e1si id\u0151\" \/>\n\t<meta name=\"twitter:data1\" content=\"1 perc\" \/>\n<script type=\"application\/ld+json\" class=\"yoast-schema-graph\">{\"@context\":\"https:\/\/schema.org\",\"@graph\":[{\"@type\":\"WebPage\",\"@id\":\"https:\/\/gridnet.hu\/?page_id=65\",\"url\":\"https:\/\/gridnet.hu\/?page_id=65\",\"name\":\"Rendszergazdai szolg\u00e1ltat\u00e1sok - GRID NET Zrt. - IT\",\"isPartOf\":{\"@id\":\"https:\/\/gridnet.hu\/#website\"},\"datePublished\":\"2023-09-22T05:54:34+00:00\",\"dateModified\":\"2023-09-22T05:57:45+00:00\",\"description\":\"Informatikai szolg\u00e1ltat\u00e1sok \u00e9s h\u00e1l\u00f3zat\u00e9p\u00edt\u00e9s szak\u00e9rt\u0151kt\u0151l a Grid Net Zrt-n\u00e9l. Seg\u00edt\u00fcnk v\u00e1llalkoz\u00e1s\u00e1nak.\",\"breadcrumb\":{\"@id\":\"https:\/\/gridnet.hu\/?page_id=65#breadcrumb\"},\"inLanguage\":\"hu\",\"potentialAction\":[{\"@type\":\"ReadAction\",\"target\":[\"https:\/\/gridnet.hu\/?page_id=65\"]}]},{\"@type\":\"BreadcrumbList\",\"@id\":\"https:\/\/gridnet.hu\/?page_id=65#breadcrumb\",\"itemListElement\":[{\"@type\":\"ListItem\",\"position\":1,\"name\":\"Kezd\u0151lap\",\"item\":\"https:\/\/gridnet.hu\/\"},{\"@type\":\"ListItem\",\"position\":2,\"name\":\"Rendszergazdai szolg\u00e1ltat\u00e1sok\"}]},{\"@type\":\"WebSite\",\"@id\":\"https:\/\/gridnet.hu\/#website\",\"url\":\"https:\/\/gridnet.hu\/\",\"name\":\"GRID NET Zrt. - IT\",\"description\":\"GRID NET Zrt. Informatikai - Rendszergazdai szolg\u00e1ltat\u00e1sok!\",\"publisher\":{\"@id\":\"https:\/\/gridnet.hu\/#organization\"},\"alternateName\":\"GRID NET Zrt.\",\"potentialAction\":[{\"@type\":\"SearchAction\",\"target\":{\"@type\":\"EntryPoint\",\"urlTemplate\":\"https:\/\/gridnet.hu\/?s={search_term_string}\"},\"query-input\":\"required name=search_term_string\"}],\"inLanguage\":\"hu\"},{\"@type\":\"Organization\",\"@id\":\"https:\/\/gridnet.hu\/#organization\",\"name\":\"GRID NET Zrt.\",\"url\":\"https:\/\/gridnet.hu\/\",\"logo\":{\"@type\":\"ImageObject\",\"inLanguage\":\"hu\",\"@id\":\"https:\/\/gridnet.hu\/#\/schema\/logo\/image\/\",\"url\":\"https:\/\/gridnet.hu\/wp-content\/uploads\/2023\/09\/gridnet_logo.png\",\"contentUrl\":\"https:\/\/gridnet.hu\/wp-content\/uploads\/2023\/09\/gridnet_logo.png\",\"width\":1768,\"height\":500,\"caption\":\"GRID NET Zrt.\"},\"image\":{\"@id\":\"https:\/\/gridnet.hu\/#\/schema\/logo\/image\/\"},\"sameAs\":[\"https:\/\/www.facebook.com\/profile.php?id=61551689613377\"]}]}<\/script>\n<!-- \/ Yoast SEO plugin. -->","yoast_head_json":{"title":"Rendszergazdai szolg\u00e1ltat\u00e1sok - GRID NET Zrt. - IT","description":"Informatikai szolg\u00e1ltat\u00e1sok \u00e9s h\u00e1l\u00f3zat\u00e9p\u00edt\u00e9s szak\u00e9rt\u0151kt\u0151l a Grid Net Zrt-n\u00e9l. Seg\u00edt\u00fcnk v\u00e1llalkoz\u00e1s\u00e1nak.","robots":{"index":"index","follow":"follow","max-snippet":"max-snippet:-1","max-image-preview":"max-image-preview:large","max-video-preview":"max-video-preview:-1"},"canonical":"https:\/\/gridnet.hu\/?page_id=65","og_locale":"hu_HU","og_type":"article","og_title":"Rendszergazdai szolg\u00e1ltat\u00e1sok - GRID NET Zrt. - IT","og_description":"Informatikai szolg\u00e1ltat\u00e1sok \u00e9s h\u00e1l\u00f3zat\u00e9p\u00edt\u00e9s szak\u00e9rt\u0151kt\u0151l a Grid Net Zrt-n\u00e9l. Seg\u00edt\u00fcnk v\u00e1llalkoz\u00e1s\u00e1nak.","og_url":"https:\/\/gridnet.hu\/?page_id=65","og_site_name":"GRID NET Zrt. - IT","article_publisher":"https:\/\/www.facebook.com\/profile.php?id=61551689613377","article_modified_time":"2023-09-22T05:57:45+00:00","twitter_card":"summary_large_image","twitter_misc":{"Becs\u00fclt olvas\u00e1si id\u0151":"1 perc"},"schema":{"@context":"https:\/\/schema.org","@graph":[{"@type":"WebPage","@id":"https:\/\/gridnet.hu\/?page_id=65","url":"https:\/\/gridnet.hu\/?page_id=65","name":"Rendszergazdai szolg\u00e1ltat\u00e1sok - GRID NET Zrt. - IT","isPartOf":{"@id":"https:\/\/gridnet.hu\/#website"},"datePublished":"2023-09-22T05:54:34+00:00","dateModified":"2023-09-22T05:57:45+00:00","description":"Informatikai szolg\u00e1ltat\u00e1sok \u00e9s h\u00e1l\u00f3zat\u00e9p\u00edt\u00e9s szak\u00e9rt\u0151kt\u0151l a Grid Net Zrt-n\u00e9l. Seg\u00edt\u00fcnk v\u00e1llalkoz\u00e1s\u00e1nak.","breadcrumb":{"@id":"https:\/\/gridnet.hu\/?page_id=65#breadcrumb"},"inLanguage":"hu","potentialAction":[{"@type":"ReadAction","target":["https:\/\/gridnet.hu\/?page_id=65"]}]},{"@type":"BreadcrumbList","@id":"https:\/\/gridnet.hu\/?page_id=65#breadcrumb","itemListElement":[{"@type":"ListItem","position":1,"name":"Kezd\u0151lap","item":"https:\/\/gridnet.hu\/"},{"@type":"ListItem","position":2,"name":"Rendszergazdai szolg\u00e1ltat\u00e1sok"}]},{"@type":"WebSite","@id":"https:\/\/gridnet.hu\/#website","url":"https:\/\/gridnet.hu\/","name":"GRID NET Zrt. - IT","description":"GRID NET Zrt. Informatikai - Rendszergazdai szolg\u00e1ltat\u00e1sok!","publisher":{"@id":"https:\/\/gridnet.hu\/#organization"},"alternateName":"GRID NET Zrt.","potentialAction":[{"@type":"SearchAction","target":{"@type":"EntryPoint","urlTemplate":"https:\/\/gridnet.hu\/?s={search_term_string}"},"query-input":"required name=search_term_string"}],"inLanguage":"hu"},{"@type":"Organization","@id":"https:\/\/gridnet.hu\/#organization","name":"GRID NET Zrt.","url":"https:\/\/gridnet.hu\/","logo":{"@type":"ImageObject","inLanguage":"hu","@id":"https:\/\/gridnet.hu\/#\/schema\/logo\/image\/","url":"https:\/\/gridnet.hu\/wp-content\/uploads\/2023\/09\/gridnet_logo.png","contentUrl":"https:\/\/gridnet.hu\/wp-content\/uploads\/2023\/09\/gridnet_logo.png","width":1768,"height":500,"caption":"GRID NET Zrt."},"image":{"@id":"https:\/\/gridnet.hu\/#\/schema\/logo\/image\/"},"sameAs":["https:\/\/www.facebook.com\/profile.php?id=61551689613377"]}]}},"_links":{"self":[{"href":"https:\/\/gridnet.hu\/index.php?rest_route=\/wp\/v2\/pages\/65","targetHints":{"allow":["GET"]}}],"collection":[{"href":"https:\/\/gridnet.hu\/index.php?rest_route=\/wp\/v2\/pages"}],"about":[{"href":"https:\/\/gridnet.hu\/index.php?rest_route=\/wp\/v2\/types\/page"}],"author":[{"embeddable":true,"href":"https:\/\/gridnet.hu\/index.php?rest_route=\/wp\/v2\/users\/1"}],"replies":[{"embeddable":true,"href":"https:\/\/gridnet.hu\/index.php?rest_route=%2Fwp%2Fv2%2Fcomments&post=65"}],"version-history":[{"count":5,"href":"https:\/\/gridnet.hu\/index.php?rest_route=\/wp\/v2\/pages\/65\/revisions"}],"predecessor-version":[{"id":70,"href":"https:\/\/gridnet.hu\/index.php?rest_route=\/wp\/v2\/pages\/65\/revisions\/70"}],"wp:attachment":[{"href":"https:\/\/gridnet.hu\/index.php?rest_route=%2Fwp%2Fv2%2Fmedia&parent=65"}],"curies":[{"name":"wp","href":"https:\/\/api.w.org\/{rel}","templated":true}]}}