{"id":71,"date":"2023-09-22T08:05:56","date_gmt":"2023-09-22T06:05:56","guid":{"rendered":"https:\/\/gridnet.hu\/?page_id=71"},"modified":"2023-09-22T08:05:56","modified_gmt":"2023-09-22T06:05:56","slug":"szerver-management-szolgaltatas","status":"publish","type":"page","link":"https:\/\/gridnet.hu\/?page_id=71","title":{"rendered":"Szerver management szolg\u00e1ltat\u00e1s"},"content":{"rendered":"<h1><span style=\"font-size: 24px; font-family: arial, helvetica, sans-serif;\">Professzion\u00e1lis Szerverfel\u00fcgyelet &#8211; Minden Id\u0151ben!<\/span><\/h1>\n<p><span style=\"font-size: 20px; font-family: arial, helvetica, sans-serif;\">\ud83d\udda5\ufe0f C\u00e9g\u00e9nek informatikai rendszerei a motorja minden tev\u00e9kenys\u00e9g\u00e9nek, elengedhetetlenek a sikeres m\u0171k\u00f6d\u00e9shez. A GRID NET Zrt., a nap 24 \u00f3r\u00e1j\u00e1ban rendelkez\u00e9sre \u00e1ll, hogy gondoskodjunk szervereir\u0151l, biztos\u00edtjuk, hogy minden kiszolg\u00e1l\u00f3 rendszere, szerverei a lehet\u0151 legt\u00f6k\u00e9letesebben m\u0171k\u00f6djenek.<\/span><\/p>\n<p><span style=\"font-size: 20px; font-family: arial, helvetica, sans-serif;\">\u2705 Proakt\u00edv Fel\u00fcgyelet: Nem b\u00edzzuk a v\u00e9letlenre, gondoskodunk rendszerei teljes\u00edtm\u00e9ny\u00e9r\u0151l \u00e9s biztons\u00e1g\u00e1r\u00f3l. Naprak\u00e9sz technol\u00f3gi\u00e1val \u00e9s tapasztalt szakemberekkel rendelkez\u00fcnk, akik folyamatosan figyelik \u00e9s optimaliz\u00e1lj\u00e1k a szerverek m\u0171k\u00f6d\u00e9s\u00e9t.<\/span><\/p>\n<p><span style=\"font-size: 20px; font-family: arial, helvetica, sans-serif;\">\ud83d\udd12 Biztons\u00e1g Els\u0151: Az adatbiztons\u00e1g az egyik legfontosabb szempont. Szak\u00e9rt\u0151ink naponta ellen\u0151rzik \u00e9s friss\u00edtik a biztons\u00e1gi protokollokat, hogy megv\u00e9dj\u00fck a szervereket a potenci\u00e1lis fenyeget\u00e9sekt\u0151l \u00e9s adatvesztes\u00e9gekt\u0151l.<\/span><\/p>\n<p><span style=\"font-size: 20px; font-family: arial, helvetica, sans-serif;\">\ud83d\udcc8 Teljes\u00edtm\u00e9nyoptimaliz\u00e1l\u00e1s: C\u00e9lunk, hogy a szerverei mindig a legjobb teljes\u00edtm\u00e9nyt ny\u00fajts\u00e1k. Megfelel\u00fcnk az ig\u00e9nyeknek \u00e9s ig\u00e9nyeknek, \u00e9s biztos\u00edtjuk, hogy a rendszerek mindig gyorsak \u00e9s hat\u00e9konyak legyenek.<\/span><\/p>\n<p><span style=\"font-size: 20px; font-family: arial, helvetica, sans-serif;\">\ud83d\udc68\u200d\ud83d\udcbc Dedik\u00e1lt Szakembercsapat:\u00a0 Dedik\u00e1lt szakembercsapatunk a nap 24 \u00f3r\u00e1j\u00e1ban rendelkez\u00e9sre \u00e1ll, hogy v\u00e1laszoljon k\u00e9rd\u00e9seire \u00e9s azonnal beavatkozzon b\u00e1rmilyen probl\u00e9ma eset\u00e9n. N\u00e1lunk soha nem marad egyed\u00fcl.<\/span><\/p>\n<p><span style=\"font-size: 20px; font-family: arial, helvetica, sans-serif;\">Ne hagyja, hogy a szerverprobl\u00e9m\u00e1k h\u00e1tr\u00e1ltass\u00e1k v\u00e1llalkoz\u00e1s\u00e1t! V\u00e1lassza a GRID NET Szerverfel\u00fcgyeleti Szolg\u00e1ltat\u00e1sait, \u00e9s b\u00edzza r\u00e1nk az informatikai infrastrukt\u00far\u00e1ja fel\u00fcgyelet\u00e9t!<\/span><\/p>\n","protected":false},"excerpt":{"rendered":"<p>Professzion\u00e1lis Szerverfel\u00fcgyelet &#8211; Minden Id\u0151ben! \ud83d\udda5\ufe0f C\u00e9g\u00e9nek informatikai rendszerei a motorja minden tev\u00e9kenys\u00e9g\u00e9nek, elengedhetetlenek a sikeres m\u0171k\u00f6d\u00e9shez. A GRID NET Zrt., a nap 24 \u00f3r\u00e1j\u00e1ban rendelkez\u00e9sre \u00e1ll, hogy gondoskodjunk szervereir\u0151l, biztos\u00edtjuk, hogy minden kiszolg\u00e1l\u00f3 rendszere, szerverei a lehet\u0151 legt\u00f6k\u00e9letesebben m\u0171k\u00f6djenek. \u2705 Proakt\u00edv Fel\u00fcgyelet: Nem b\u00edzzuk a v\u00e9letlenre, gondoskodunk rendszerei teljes\u00edtm\u00e9ny\u00e9r\u0151l \u00e9s biztons\u00e1g\u00e1r\u00f3l. Naprak\u00e9sz technol\u00f3gi\u00e1val \u00e9s [&hellip;]<\/p>\n","protected":false},"author":1,"featured_media":0,"parent":0,"menu_order":0,"comment_status":"closed","ping_status":"closed","template":"page-templates\/page-full-width.php","meta":{"footnotes":""},"class_list":["post-71","page","type-page","status-publish","hentry"],"yoast_head":"<!-- This site is optimized with the Yoast SEO plugin v21.4 - https:\/\/yoast.com\/wordpress\/plugins\/seo\/ -->\n<title>Szerver management szolg\u00e1ltat\u00e1s - GRID NET Zrt. - IT<\/title>\n<meta name=\"description\" content=\"Informatikai szolg\u00e1ltat\u00e1sok \u00e9s h\u00e1l\u00f3zat\u00e9p\u00edt\u00e9s szak\u00e9rt\u0151kt\u0151l a Grid Net Zrt-n\u00e9l. Seg\u00edt\u00fcnk v\u00e1llalkoz\u00e1s\u00e1nak.\" \/>\n<meta name=\"robots\" content=\"index, follow, max-snippet:-1, max-image-preview:large, max-video-preview:-1\" \/>\n<link rel=\"canonical\" href=\"https:\/\/gridnet.hu\/?page_id=71\" \/>\n<meta property=\"og:locale\" content=\"hu_HU\" \/>\n<meta property=\"og:type\" content=\"article\" \/>\n<meta property=\"og:title\" content=\"Szerver management szolg\u00e1ltat\u00e1s - GRID NET Zrt. - IT\" \/>\n<meta property=\"og:description\" content=\"Informatikai szolg\u00e1ltat\u00e1sok \u00e9s h\u00e1l\u00f3zat\u00e9p\u00edt\u00e9s szak\u00e9rt\u0151kt\u0151l a Grid Net Zrt-n\u00e9l. Seg\u00edt\u00fcnk v\u00e1llalkoz\u00e1s\u00e1nak.\" \/>\n<meta property=\"og:url\" content=\"https:\/\/gridnet.hu\/?page_id=71\" \/>\n<meta property=\"og:site_name\" content=\"GRID NET Zrt. - IT\" \/>\n<meta property=\"article:publisher\" content=\"https:\/\/www.facebook.com\/profile.php?id=61551689613377\" \/>\n<meta name=\"twitter:card\" content=\"summary_large_image\" \/>\n<meta name=\"twitter:label1\" content=\"Becs\u00fclt olvas\u00e1si id\u0151\" \/>\n\t<meta name=\"twitter:data1\" content=\"1 perc\" \/>\n<script type=\"application\/ld+json\" class=\"yoast-schema-graph\">{\"@context\":\"https:\/\/schema.org\",\"@graph\":[{\"@type\":\"WebPage\",\"@id\":\"https:\/\/gridnet.hu\/?page_id=71\",\"url\":\"https:\/\/gridnet.hu\/?page_id=71\",\"name\":\"Szerver management szolg\u00e1ltat\u00e1s - GRID NET Zrt. - IT\",\"isPartOf\":{\"@id\":\"https:\/\/gridnet.hu\/#website\"},\"datePublished\":\"2023-09-22T06:05:56+00:00\",\"dateModified\":\"2023-09-22T06:05:56+00:00\",\"description\":\"Informatikai szolg\u00e1ltat\u00e1sok \u00e9s h\u00e1l\u00f3zat\u00e9p\u00edt\u00e9s szak\u00e9rt\u0151kt\u0151l a Grid Net Zrt-n\u00e9l. Seg\u00edt\u00fcnk v\u00e1llalkoz\u00e1s\u00e1nak.\",\"breadcrumb\":{\"@id\":\"https:\/\/gridnet.hu\/?page_id=71#breadcrumb\"},\"inLanguage\":\"hu\",\"potentialAction\":[{\"@type\":\"ReadAction\",\"target\":[\"https:\/\/gridnet.hu\/?page_id=71\"]}]},{\"@type\":\"BreadcrumbList\",\"@id\":\"https:\/\/gridnet.hu\/?page_id=71#breadcrumb\",\"itemListElement\":[{\"@type\":\"ListItem\",\"position\":1,\"name\":\"Kezd\u0151lap\",\"item\":\"https:\/\/gridnet.hu\/\"},{\"@type\":\"ListItem\",\"position\":2,\"name\":\"Szerver management szolg\u00e1ltat\u00e1s\"}]},{\"@type\":\"WebSite\",\"@id\":\"https:\/\/gridnet.hu\/#website\",\"url\":\"https:\/\/gridnet.hu\/\",\"name\":\"GRID NET Zrt. - IT\",\"description\":\"GRID NET Zrt. Informatikai - Rendszergazdai szolg\u00e1ltat\u00e1sok!\",\"publisher\":{\"@id\":\"https:\/\/gridnet.hu\/#organization\"},\"alternateName\":\"GRID NET Zrt.\",\"potentialAction\":[{\"@type\":\"SearchAction\",\"target\":{\"@type\":\"EntryPoint\",\"urlTemplate\":\"https:\/\/gridnet.hu\/?s={search_term_string}\"},\"query-input\":\"required name=search_term_string\"}],\"inLanguage\":\"hu\"},{\"@type\":\"Organization\",\"@id\":\"https:\/\/gridnet.hu\/#organization\",\"name\":\"GRID NET Zrt.\",\"url\":\"https:\/\/gridnet.hu\/\",\"logo\":{\"@type\":\"ImageObject\",\"inLanguage\":\"hu\",\"@id\":\"https:\/\/gridnet.hu\/#\/schema\/logo\/image\/\",\"url\":\"https:\/\/gridnet.hu\/wp-content\/uploads\/2023\/09\/gridnet_logo.png\",\"contentUrl\":\"https:\/\/gridnet.hu\/wp-content\/uploads\/2023\/09\/gridnet_logo.png\",\"width\":1768,\"height\":500,\"caption\":\"GRID NET Zrt.\"},\"image\":{\"@id\":\"https:\/\/gridnet.hu\/#\/schema\/logo\/image\/\"},\"sameAs\":[\"https:\/\/www.facebook.com\/profile.php?id=61551689613377\"]}]}<\/script>\n<!-- \/ Yoast SEO plugin. -->","yoast_head_json":{"title":"Szerver management szolg\u00e1ltat\u00e1s - GRID NET Zrt. - IT","description":"Informatikai szolg\u00e1ltat\u00e1sok \u00e9s h\u00e1l\u00f3zat\u00e9p\u00edt\u00e9s szak\u00e9rt\u0151kt\u0151l a Grid Net Zrt-n\u00e9l. Seg\u00edt\u00fcnk v\u00e1llalkoz\u00e1s\u00e1nak.","robots":{"index":"index","follow":"follow","max-snippet":"max-snippet:-1","max-image-preview":"max-image-preview:large","max-video-preview":"max-video-preview:-1"},"canonical":"https:\/\/gridnet.hu\/?page_id=71","og_locale":"hu_HU","og_type":"article","og_title":"Szerver management szolg\u00e1ltat\u00e1s - GRID NET Zrt. - IT","og_description":"Informatikai szolg\u00e1ltat\u00e1sok \u00e9s h\u00e1l\u00f3zat\u00e9p\u00edt\u00e9s szak\u00e9rt\u0151kt\u0151l a Grid Net Zrt-n\u00e9l. Seg\u00edt\u00fcnk v\u00e1llalkoz\u00e1s\u00e1nak.","og_url":"https:\/\/gridnet.hu\/?page_id=71","og_site_name":"GRID NET Zrt. - IT","article_publisher":"https:\/\/www.facebook.com\/profile.php?id=61551689613377","twitter_card":"summary_large_image","twitter_misc":{"Becs\u00fclt olvas\u00e1si id\u0151":"1 perc"},"schema":{"@context":"https:\/\/schema.org","@graph":[{"@type":"WebPage","@id":"https:\/\/gridnet.hu\/?page_id=71","url":"https:\/\/gridnet.hu\/?page_id=71","name":"Szerver management szolg\u00e1ltat\u00e1s - GRID NET Zrt. - IT","isPartOf":{"@id":"https:\/\/gridnet.hu\/#website"},"datePublished":"2023-09-22T06:05:56+00:00","dateModified":"2023-09-22T06:05:56+00:00","description":"Informatikai szolg\u00e1ltat\u00e1sok \u00e9s h\u00e1l\u00f3zat\u00e9p\u00edt\u00e9s szak\u00e9rt\u0151kt\u0151l a Grid Net Zrt-n\u00e9l. Seg\u00edt\u00fcnk v\u00e1llalkoz\u00e1s\u00e1nak.","breadcrumb":{"@id":"https:\/\/gridnet.hu\/?page_id=71#breadcrumb"},"inLanguage":"hu","potentialAction":[{"@type":"ReadAction","target":["https:\/\/gridnet.hu\/?page_id=71"]}]},{"@type":"BreadcrumbList","@id":"https:\/\/gridnet.hu\/?page_id=71#breadcrumb","itemListElement":[{"@type":"ListItem","position":1,"name":"Kezd\u0151lap","item":"https:\/\/gridnet.hu\/"},{"@type":"ListItem","position":2,"name":"Szerver management szolg\u00e1ltat\u00e1s"}]},{"@type":"WebSite","@id":"https:\/\/gridnet.hu\/#website","url":"https:\/\/gridnet.hu\/","name":"GRID NET Zrt. - IT","description":"GRID NET Zrt. Informatikai - Rendszergazdai szolg\u00e1ltat\u00e1sok!","publisher":{"@id":"https:\/\/gridnet.hu\/#organization"},"alternateName":"GRID NET Zrt.","potentialAction":[{"@type":"SearchAction","target":{"@type":"EntryPoint","urlTemplate":"https:\/\/gridnet.hu\/?s={search_term_string}"},"query-input":"required name=search_term_string"}],"inLanguage":"hu"},{"@type":"Organization","@id":"https:\/\/gridnet.hu\/#organization","name":"GRID NET Zrt.","url":"https:\/\/gridnet.hu\/","logo":{"@type":"ImageObject","inLanguage":"hu","@id":"https:\/\/gridnet.hu\/#\/schema\/logo\/image\/","url":"https:\/\/gridnet.hu\/wp-content\/uploads\/2023\/09\/gridnet_logo.png","contentUrl":"https:\/\/gridnet.hu\/wp-content\/uploads\/2023\/09\/gridnet_logo.png","width":1768,"height":500,"caption":"GRID NET Zrt."},"image":{"@id":"https:\/\/gridnet.hu\/#\/schema\/logo\/image\/"},"sameAs":["https:\/\/www.facebook.com\/profile.php?id=61551689613377"]}]}},"_links":{"self":[{"href":"https:\/\/gridnet.hu\/index.php?rest_route=\/wp\/v2\/pages\/71","targetHints":{"allow":["GET"]}}],"collection":[{"href":"https:\/\/gridnet.hu\/index.php?rest_route=\/wp\/v2\/pages"}],"about":[{"href":"https:\/\/gridnet.hu\/index.php?rest_route=\/wp\/v2\/types\/page"}],"author":[{"embeddable":true,"href":"https:\/\/gridnet.hu\/index.php?rest_route=\/wp\/v2\/users\/1"}],"replies":[{"embeddable":true,"href":"https:\/\/gridnet.hu\/index.php?rest_route=%2Fwp%2Fv2%2Fcomments&post=71"}],"version-history":[{"count":1,"href":"https:\/\/gridnet.hu\/index.php?rest_route=\/wp\/v2\/pages\/71\/revisions"}],"predecessor-version":[{"id":72,"href":"https:\/\/gridnet.hu\/index.php?rest_route=\/wp\/v2\/pages\/71\/revisions\/72"}],"wp:attachment":[{"href":"https:\/\/gridnet.hu\/index.php?rest_route=%2Fwp%2Fv2%2Fmedia&parent=71"}],"curies":[{"name":"wp","href":"https:\/\/api.w.org\/{rel}","templated":true}]}}