{"id":73,"date":"2023-09-22T08:19:43","date_gmt":"2023-09-22T06:19:43","guid":{"rendered":"https:\/\/gridnet.hu\/?page_id=73"},"modified":"2023-09-22T08:19:43","modified_gmt":"2023-09-22T06:19:43","slug":"it-halozat-epites","status":"publish","type":"page","link":"https:\/\/gridnet.hu\/?page_id=73","title":{"rendered":"IT h\u00e1l\u00f3zat \u00e9p\u00edt\u00e9s"},"content":{"rendered":"<p><span style=\"font-size: 24px; color: #000000;\"><strong><span style=\"font-family: arial, helvetica, sans-serif;\">IT H\u00e1l\u00f3zat\u00e9p\u00edt\u00e9s \u00e9s hiba elh\u00e1r\u00edt\u00e1s<\/span><\/strong><\/span><\/p>\n<p><span style=\"font-family: arial, helvetica, sans-serif; font-size: 20px; color: #000000;\">\ud83c\udf1f Tapasztalt szak\u00e9rt\u0151k vagyunk a h\u00e1l\u00f3zatok tervez\u00e9se, \u00e9p\u00edt\u00e9se \u00e9s hibaelh\u00e1r\u00edt\u00e1sa ter\u00e9n, elk\u00f6telezettek vagyunk abban, hogy seg\u00edts\u00fcnk v\u00e1llalkoz\u00e1s\u00e1nak a sikeres m\u0171k\u00f6d\u00e9sben. A GRID NET Zrt. \u00e1ltal k\u00edn\u00e1lt h\u00e1l\u00f3zati megold\u00e1sok teljes sk\u00e1l\u00e1j\u00e1t tartalmazz\u00e1k, ide\u00e9rtve az optikai, r\u00e9z, mikrohull\u00e1m\u00fa r\u00e1di\u00f3s \u00e9s vezet\u00e9k n\u00e9lk\u00fcli wifi h\u00e1l\u00f3zatokat.<\/span><\/p>\n<p><span style=\"font-family: arial, helvetica, sans-serif; font-size: 20px; color: #000000;\">\ud83d\udca1 \u00c9p\u00edtj\u00fck a J\u00f6v\u0151t: M\u00e9rn\u00f6keink munk\u00e1juk sor\u00e1n alkalmazz\u00e1k a legkorszer\u0171bb technol\u00f3gi\u00e1t, \u00e9s lehet\u0151v\u00e9 teszik a leg\u00f6sszetettebb h\u00e1l\u00f3zati infrastrukt\u00far\u00e1k l\u00e9trehoz\u00e1s\u00e1t. Optikai h\u00e1l\u00f3zatokt\u00f3l kezdve a vezet\u00e9k n\u00e9lk\u00fcli wifi h\u00e1l\u00f3zatokig, minden ter\u00fcleten rendelkez\u00e9sre \u00e1llunk.<\/span><\/p>\n<p><span style=\"font-family: arial, helvetica, sans-serif; font-size: 20px; color: #000000;\">\ud83d\udd27 Gyors Hibaelh\u00e1r\u00edt\u00e1s: Tudjuk, hogy az id\u0151 p\u00e9nz, \u00e9s az \u00fczleti folyamatoknak zavartalanul kell m\u0171k\u00f6dni\u00fck. H\u00e1l\u00f3zati probl\u00e9m\u00e1k eset\u00e9n szak\u00e9rt\u0151 csapatunk azonnal int\u00e9zkedik, hogy minimaliz\u00e1lja a le\u00e1ll\u00e1si id\u0151t \u00e9s a potenci\u00e1lis produktivit\u00e1svesztes\u00e9get.<\/span><\/p>\n<p><span style=\"font-family: arial, helvetica, sans-serif; font-size: 20px; color: #000000;\">\ud83d\udcc8 Sk\u00e1l\u00e1zhat\u00f3 Megold\u00e1sok: C\u00e9lunk, hogy v\u00e1llalkoz\u00e1sa h\u00e1l\u00f3zata l\u00e9p\u00e9st tartsa n\u00f6veked\u00e9s\u00e9vel. Rugalmas \u00e9s sk\u00e1l\u00e1zhat\u00f3 megold\u00e1sokat k\u00edn\u00e1lunk, amelyek fejl\u0151dnek \u00e9s b\u0151v\u00fclnek v\u00e1llalkoz\u00e1sa ig\u00e9nyeivel.<\/span><\/p>\n<p><span style=\"font-family: arial, helvetica, sans-serif; font-size: 20px; color: #000000;\">\ud83c\udf10 Teljesk\u00f6r\u0171 Biztons\u00e1g: Az adatbiztons\u00e1g \u00e9s a h\u00e1l\u00f3zati v\u00e9delem az els\u0151dleges fontoss\u00e1g\u00faak sz\u00e1munkra. Mindegyik h\u00e1l\u00f3zati infrastrukt\u00far\u00e1t a legmagasabb biztons\u00e1gi szabv\u00e1nyoknak megfelel\u0151en \u00e9p\u00edtj\u00fck fel.<\/span><\/p>\n<p><span style=\"font-family: arial, helvetica, sans-serif; font-size: 20px; color: #000000;\">Ha egy megb\u00edzhat\u00f3 \u00e9s innovat\u00edv h\u00e1l\u00f3zati szolg\u00e1ltat\u00f3t keres k\u00e9rj\u00fck, l\u00e9pjen kapcsolatba vel\u00fcnk m\u00e9g ma, hogy megbesz\u00e9lhess\u00fck, hogyan seg\u00edthet\u00fcnk v\u00e1llalkoz\u00e1s\u00e1nak a k\u00f6vetkez\u0151 szintre l\u00e9p\u00e9sben.<\/span><\/p>\n","protected":false},"excerpt":{"rendered":"<p>IT H\u00e1l\u00f3zat\u00e9p\u00edt\u00e9s \u00e9s hiba elh\u00e1r\u00edt\u00e1s \ud83c\udf1f Tapasztalt szak\u00e9rt\u0151k vagyunk a h\u00e1l\u00f3zatok tervez\u00e9se, \u00e9p\u00edt\u00e9se \u00e9s hibaelh\u00e1r\u00edt\u00e1sa ter\u00e9n, elk\u00f6telezettek vagyunk abban, hogy seg\u00edts\u00fcnk v\u00e1llalkoz\u00e1s\u00e1nak a sikeres m\u0171k\u00f6d\u00e9sben. A GRID NET Zrt. \u00e1ltal k\u00edn\u00e1lt h\u00e1l\u00f3zati megold\u00e1sok teljes sk\u00e1l\u00e1j\u00e1t tartalmazz\u00e1k, ide\u00e9rtve az optikai, r\u00e9z, mikrohull\u00e1m\u00fa r\u00e1di\u00f3s \u00e9s vezet\u00e9k n\u00e9lk\u00fcli wifi h\u00e1l\u00f3zatokat. \ud83d\udca1 \u00c9p\u00edtj\u00fck a J\u00f6v\u0151t: M\u00e9rn\u00f6keink munk\u00e1juk sor\u00e1n alkalmazz\u00e1k [&hellip;]<\/p>\n","protected":false},"author":1,"featured_media":0,"parent":0,"menu_order":0,"comment_status":"closed","ping_status":"closed","template":"page-templates\/page-full-width.php","meta":{"footnotes":""},"class_list":["post-73","page","type-page","status-publish","hentry"],"yoast_head":"<!-- This site is optimized with the Yoast SEO plugin v21.4 - https:\/\/yoast.com\/wordpress\/plugins\/seo\/ -->\n<title>IT h\u00e1l\u00f3zat \u00e9p\u00edt\u00e9s - GRID NET Zrt. - IT<\/title>\n<meta name=\"description\" content=\"Informatikai szolg\u00e1ltat\u00e1sok \u00e9s h\u00e1l\u00f3zat\u00e9p\u00edt\u00e9s szak\u00e9rt\u0151kt\u0151l a Grid Net Zrt-n\u00e9l. Seg\u00edt\u00fcnk v\u00e1llalkoz\u00e1s\u00e1nak.\" \/>\n<meta name=\"robots\" content=\"index, follow, max-snippet:-1, max-image-preview:large, max-video-preview:-1\" \/>\n<link rel=\"canonical\" href=\"https:\/\/gridnet.hu\/?page_id=73\" \/>\n<meta property=\"og:locale\" content=\"hu_HU\" \/>\n<meta property=\"og:type\" content=\"article\" \/>\n<meta property=\"og:title\" content=\"IT h\u00e1l\u00f3zat \u00e9p\u00edt\u00e9s - GRID NET Zrt. - IT\" \/>\n<meta property=\"og:description\" content=\"Informatikai szolg\u00e1ltat\u00e1sok \u00e9s h\u00e1l\u00f3zat\u00e9p\u00edt\u00e9s szak\u00e9rt\u0151kt\u0151l a Grid Net Zrt-n\u00e9l. Seg\u00edt\u00fcnk v\u00e1llalkoz\u00e1s\u00e1nak.\" \/>\n<meta property=\"og:url\" content=\"https:\/\/gridnet.hu\/?page_id=73\" \/>\n<meta property=\"og:site_name\" content=\"GRID NET Zrt. - IT\" \/>\n<meta property=\"article:publisher\" content=\"https:\/\/www.facebook.com\/profile.php?id=61551689613377\" \/>\n<meta name=\"twitter:card\" content=\"summary_large_image\" \/>\n<meta name=\"twitter:label1\" content=\"Becs\u00fclt olvas\u00e1si id\u0151\" \/>\n\t<meta name=\"twitter:data1\" content=\"2 perc\" \/>\n<script type=\"application\/ld+json\" class=\"yoast-schema-graph\">{\"@context\":\"https:\/\/schema.org\",\"@graph\":[{\"@type\":\"WebPage\",\"@id\":\"https:\/\/gridnet.hu\/?page_id=73\",\"url\":\"https:\/\/gridnet.hu\/?page_id=73\",\"name\":\"IT h\u00e1l\u00f3zat \u00e9p\u00edt\u00e9s - GRID NET Zrt. - IT\",\"isPartOf\":{\"@id\":\"https:\/\/gridnet.hu\/#website\"},\"datePublished\":\"2023-09-22T06:19:43+00:00\",\"dateModified\":\"2023-09-22T06:19:43+00:00\",\"description\":\"Informatikai szolg\u00e1ltat\u00e1sok \u00e9s h\u00e1l\u00f3zat\u00e9p\u00edt\u00e9s szak\u00e9rt\u0151kt\u0151l a Grid Net Zrt-n\u00e9l. Seg\u00edt\u00fcnk v\u00e1llalkoz\u00e1s\u00e1nak.\",\"breadcrumb\":{\"@id\":\"https:\/\/gridnet.hu\/?page_id=73#breadcrumb\"},\"inLanguage\":\"hu\",\"potentialAction\":[{\"@type\":\"ReadAction\",\"target\":[\"https:\/\/gridnet.hu\/?page_id=73\"]}]},{\"@type\":\"BreadcrumbList\",\"@id\":\"https:\/\/gridnet.hu\/?page_id=73#breadcrumb\",\"itemListElement\":[{\"@type\":\"ListItem\",\"position\":1,\"name\":\"Kezd\u0151lap\",\"item\":\"https:\/\/gridnet.hu\/\"},{\"@type\":\"ListItem\",\"position\":2,\"name\":\"IT h\u00e1l\u00f3zat \u00e9p\u00edt\u00e9s\"}]},{\"@type\":\"WebSite\",\"@id\":\"https:\/\/gridnet.hu\/#website\",\"url\":\"https:\/\/gridnet.hu\/\",\"name\":\"GRID NET Zrt. - IT\",\"description\":\"GRID NET Zrt. Informatikai - Rendszergazdai szolg\u00e1ltat\u00e1sok!\",\"publisher\":{\"@id\":\"https:\/\/gridnet.hu\/#organization\"},\"alternateName\":\"GRID NET Zrt.\",\"potentialAction\":[{\"@type\":\"SearchAction\",\"target\":{\"@type\":\"EntryPoint\",\"urlTemplate\":\"https:\/\/gridnet.hu\/?s={search_term_string}\"},\"query-input\":\"required name=search_term_string\"}],\"inLanguage\":\"hu\"},{\"@type\":\"Organization\",\"@id\":\"https:\/\/gridnet.hu\/#organization\",\"name\":\"GRID NET Zrt.\",\"url\":\"https:\/\/gridnet.hu\/\",\"logo\":{\"@type\":\"ImageObject\",\"inLanguage\":\"hu\",\"@id\":\"https:\/\/gridnet.hu\/#\/schema\/logo\/image\/\",\"url\":\"https:\/\/gridnet.hu\/wp-content\/uploads\/2023\/09\/gridnet_logo.png\",\"contentUrl\":\"https:\/\/gridnet.hu\/wp-content\/uploads\/2023\/09\/gridnet_logo.png\",\"width\":1768,\"height\":500,\"caption\":\"GRID NET Zrt.\"},\"image\":{\"@id\":\"https:\/\/gridnet.hu\/#\/schema\/logo\/image\/\"},\"sameAs\":[\"https:\/\/www.facebook.com\/profile.php?id=61551689613377\"]}]}<\/script>\n<!-- \/ Yoast SEO plugin. -->","yoast_head_json":{"title":"IT h\u00e1l\u00f3zat \u00e9p\u00edt\u00e9s - GRID NET Zrt. - IT","description":"Informatikai szolg\u00e1ltat\u00e1sok \u00e9s h\u00e1l\u00f3zat\u00e9p\u00edt\u00e9s szak\u00e9rt\u0151kt\u0151l a Grid Net Zrt-n\u00e9l. Seg\u00edt\u00fcnk v\u00e1llalkoz\u00e1s\u00e1nak.","robots":{"index":"index","follow":"follow","max-snippet":"max-snippet:-1","max-image-preview":"max-image-preview:large","max-video-preview":"max-video-preview:-1"},"canonical":"https:\/\/gridnet.hu\/?page_id=73","og_locale":"hu_HU","og_type":"article","og_title":"IT h\u00e1l\u00f3zat \u00e9p\u00edt\u00e9s - GRID NET Zrt. - IT","og_description":"Informatikai szolg\u00e1ltat\u00e1sok \u00e9s h\u00e1l\u00f3zat\u00e9p\u00edt\u00e9s szak\u00e9rt\u0151kt\u0151l a Grid Net Zrt-n\u00e9l. Seg\u00edt\u00fcnk v\u00e1llalkoz\u00e1s\u00e1nak.","og_url":"https:\/\/gridnet.hu\/?page_id=73","og_site_name":"GRID NET Zrt. - IT","article_publisher":"https:\/\/www.facebook.com\/profile.php?id=61551689613377","twitter_card":"summary_large_image","twitter_misc":{"Becs\u00fclt olvas\u00e1si id\u0151":"2 perc"},"schema":{"@context":"https:\/\/schema.org","@graph":[{"@type":"WebPage","@id":"https:\/\/gridnet.hu\/?page_id=73","url":"https:\/\/gridnet.hu\/?page_id=73","name":"IT h\u00e1l\u00f3zat \u00e9p\u00edt\u00e9s - GRID NET Zrt. - IT","isPartOf":{"@id":"https:\/\/gridnet.hu\/#website"},"datePublished":"2023-09-22T06:19:43+00:00","dateModified":"2023-09-22T06:19:43+00:00","description":"Informatikai szolg\u00e1ltat\u00e1sok \u00e9s h\u00e1l\u00f3zat\u00e9p\u00edt\u00e9s szak\u00e9rt\u0151kt\u0151l a Grid Net Zrt-n\u00e9l. Seg\u00edt\u00fcnk v\u00e1llalkoz\u00e1s\u00e1nak.","breadcrumb":{"@id":"https:\/\/gridnet.hu\/?page_id=73#breadcrumb"},"inLanguage":"hu","potentialAction":[{"@type":"ReadAction","target":["https:\/\/gridnet.hu\/?page_id=73"]}]},{"@type":"BreadcrumbList","@id":"https:\/\/gridnet.hu\/?page_id=73#breadcrumb","itemListElement":[{"@type":"ListItem","position":1,"name":"Kezd\u0151lap","item":"https:\/\/gridnet.hu\/"},{"@type":"ListItem","position":2,"name":"IT h\u00e1l\u00f3zat \u00e9p\u00edt\u00e9s"}]},{"@type":"WebSite","@id":"https:\/\/gridnet.hu\/#website","url":"https:\/\/gridnet.hu\/","name":"GRID NET Zrt. - IT","description":"GRID NET Zrt. Informatikai - Rendszergazdai szolg\u00e1ltat\u00e1sok!","publisher":{"@id":"https:\/\/gridnet.hu\/#organization"},"alternateName":"GRID NET Zrt.","potentialAction":[{"@type":"SearchAction","target":{"@type":"EntryPoint","urlTemplate":"https:\/\/gridnet.hu\/?s={search_term_string}"},"query-input":"required name=search_term_string"}],"inLanguage":"hu"},{"@type":"Organization","@id":"https:\/\/gridnet.hu\/#organization","name":"GRID NET Zrt.","url":"https:\/\/gridnet.hu\/","logo":{"@type":"ImageObject","inLanguage":"hu","@id":"https:\/\/gridnet.hu\/#\/schema\/logo\/image\/","url":"https:\/\/gridnet.hu\/wp-content\/uploads\/2023\/09\/gridnet_logo.png","contentUrl":"https:\/\/gridnet.hu\/wp-content\/uploads\/2023\/09\/gridnet_logo.png","width":1768,"height":500,"caption":"GRID NET Zrt."},"image":{"@id":"https:\/\/gridnet.hu\/#\/schema\/logo\/image\/"},"sameAs":["https:\/\/www.facebook.com\/profile.php?id=61551689613377"]}]}},"_links":{"self":[{"href":"https:\/\/gridnet.hu\/index.php?rest_route=\/wp\/v2\/pages\/73","targetHints":{"allow":["GET"]}}],"collection":[{"href":"https:\/\/gridnet.hu\/index.php?rest_route=\/wp\/v2\/pages"}],"about":[{"href":"https:\/\/gridnet.hu\/index.php?rest_route=\/wp\/v2\/types\/page"}],"author":[{"embeddable":true,"href":"https:\/\/gridnet.hu\/index.php?rest_route=\/wp\/v2\/users\/1"}],"replies":[{"embeddable":true,"href":"https:\/\/gridnet.hu\/index.php?rest_route=%2Fwp%2Fv2%2Fcomments&post=73"}],"version-history":[{"count":3,"href":"https:\/\/gridnet.hu\/index.php?rest_route=\/wp\/v2\/pages\/73\/revisions"}],"predecessor-version":[{"id":76,"href":"https:\/\/gridnet.hu\/index.php?rest_route=\/wp\/v2\/pages\/73\/revisions\/76"}],"wp:attachment":[{"href":"https:\/\/gridnet.hu\/index.php?rest_route=%2Fwp%2Fv2%2Fmedia&parent=73"}],"curies":[{"name":"wp","href":"https:\/\/api.w.org\/{rel}","templated":true}]}}