{"id":91,"date":"2023-09-22T10:16:06","date_gmt":"2023-09-22T08:16:06","guid":{"rendered":"https:\/\/gridnet.hu\/?page_id=91"},"modified":"2023-09-23T20:07:16","modified_gmt":"2023-09-23T18:07:16","slug":"lepjen-kapcsolatba-velunk","status":"publish","type":"page","link":"https:\/\/gridnet.hu\/?page_id=91","title":{"rendered":"L\u00e9pjen kapcsolatba vel\u00fcnk!"},"content":{"rendered":"<table style=\"border-collapse: collapse; width: 100%; height: 24px;\">\n<tbody>\n<tr style=\"height: 24px;\">\n<td style=\"width: 65.7631%; height: 24px; background-color: #f5f2f2; vertical-align: top;\"><span style=\"font-family: arial, helvetica, sans-serif;\"><div class=\"wpforms-container wpforms-container-full wpforms-render-modern\" id=\"wpforms-119\"><form id=\"wpforms-form-119\" class=\"wpforms-validate wpforms-form wpforms-ajax-form\" data-formid=\"119\" method=\"post\" enctype=\"multipart\/form-data\" action=\"\/index.php?rest_route=%2Fwp%2Fv2%2Fpages%2F91\" data-token=\"301784e21b50b007d500f5d53a384d7f\"><div class=\"wpforms-head-container\"><div class=\"wpforms-title\">\u00c1raj\u00e1nlat k\u00e9r\u00e9s <\/div><\/div><noscript class=\"wpforms-error-noscript\">Please enable JavaScript in your browser to complete this form.<\/noscript><div class=\"wpforms-hidden\" id=\"wpforms-error-noscript\">Please enable JavaScript in your browser to complete this form.<\/div><div class=\"wpforms-field-container\"><div id=\"wpforms-119-field_1-container\" class=\"wpforms-field wpforms-field-name\" data-field-id=\"1\"><fieldset><legend class=\"wpforms-field-label\">N\u00e9v <span class=\"wpforms-required-label\" aria-hidden=\"true\">*<\/span><\/legend><div class=\"wpforms-field-row wpforms-field-medium\"><div class=\"wpforms-field-row-block wpforms-first wpforms-one-half\"><input type=\"text\" id=\"wpforms-119-field_1\" class=\"wpforms-field-name-first wpforms-field-required\" name=\"wpforms[fields][1][first]\" placeholder=\"Vezet\u00e9kn\u00e9v\" aria-errormessage=\"wpforms-119-field_1-error\" required><label for=\"wpforms-119-field_1\" class=\"wpforms-field-sublabel after wpforms-sublabel-hide\">First<\/label><\/div><div class=\"wpforms-field-row-block wpforms-one-half\"><input type=\"text\" id=\"wpforms-119-field_1-last\" class=\"wpforms-field-name-last wpforms-field-required\" name=\"wpforms[fields][1][last]\" placeholder=\"Keresztn\u00e9v\" aria-errormessage=\"wpforms-119-field_1-last-error\" required><label for=\"wpforms-119-field_1-last\" class=\"wpforms-field-sublabel after wpforms-sublabel-hide\">Last<\/label><\/div><\/div><\/fieldset><\/div><div id=\"wpforms-119-field_2-container\" class=\"wpforms-field wpforms-field-name\" data-field-id=\"2\"><label class=\"wpforms-field-label\" for=\"wpforms-119-field_2\">C\u00e9g neve <span class=\"wpforms-required-label\" aria-hidden=\"true\">*<\/span><\/label><input type=\"text\" id=\"wpforms-119-field_2\" class=\"wpforms-field-medium wpforms-field-required\" name=\"wpforms[fields][2]\" aria-errormessage=\"wpforms-119-field_2-error\" required><\/div><div id=\"wpforms-119-field_3-container\" class=\"wpforms-field wpforms-field-email\" data-field-id=\"3\"><label class=\"wpforms-field-label\" for=\"wpforms-119-field_3\">E-mail <span class=\"wpforms-required-label\" aria-hidden=\"true\">*<\/span><\/label><input type=\"email\" id=\"wpforms-119-field_3\" class=\"wpforms-field-medium wpforms-field-required\" name=\"wpforms[fields][3]\" spellcheck=\"false\" aria-errormessage=\"wpforms-119-field_3-error\" required><\/div><div id=\"wpforms-119-field_13-container\" class=\"wpforms-field wpforms-field-text\" data-field-id=\"13\"><label class=\"wpforms-field-label\" for=\"wpforms-119-field_13\">Telefon<\/label><input type=\"text\" id=\"wpforms-119-field_13\" class=\"wpforms-field-medium wpforms-masked-input\" data-rule-inputmask-incomplete=\"1\" data-inputmask-mask=\"+(36) 999999999\" name=\"wpforms[fields][13]\" placeholder=\"+36 201234567\" aria-errormessage=\"wpforms-119-field_13-error\" ><\/div><div id=\"wpforms-119-field_7-container\" class=\"wpforms-field wpforms-field-select wpforms-field-select-style-classic\" data-field-id=\"7\"><label class=\"wpforms-field-label\" for=\"wpforms-119-field_7\">Van a c\u00e9gnek weboldala?<\/label><select id=\"wpforms-119-field_7\" class=\"wpforms-field-medium\" name=\"wpforms[fields][7]\"><option value=\"\" class=\"placeholder\" disabled  selected='selected'>k\u00e9rj\u00fck v\u00e1lasszon!<\/option><option value=\"Igen van, saj\u00e1t magunk \u00fczemeltetj\u00fck.\" >Igen van, saj\u00e1t magunk \u00fczemeltetj\u00fck.<\/option><option value=\"Igen van, oldalainkat szolg\u00e1ltat\u00f3 \u00fczemelteti\" >Igen van, oldalainkat szolg\u00e1ltat\u00f3 \u00fczemelteti<\/option><option value=\"Nincs\" >Nincs<\/option><\/select><\/div><div id=\"wpforms-119-field_8-container\" class=\"wpforms-field wpforms-field-select wpforms-field-select-style-classic\" data-field-id=\"8\"><label class=\"wpforms-field-label\" for=\"wpforms-119-field_8\">Rendelkeznek saj\u00e1t szerverrel? <\/label><select id=\"wpforms-119-field_8\" class=\"wpforms-field-medium\" name=\"wpforms[fields][8]\"><option value=\"Igen, egy szerver\u00fcnk van\" >Igen, egy szerver\u00fcnk van<\/option><option value=\"Igen, t\u00f6bb szerver\u00fcnk van\" >Igen, t\u00f6bb szerver\u00fcnk van<\/option><option value=\"Nincs saj\u00e1t szerver\u00fcnk\" >Nincs saj\u00e1t szerver\u00fcnk<\/option><\/select><\/div><div id=\"wpforms-119-field_9-container\" class=\"wpforms-field wpforms-field-select wpforms-field-select-style-classic\" data-field-id=\"9\"><label class=\"wpforms-field-label\" for=\"wpforms-119-field_9\">Milyen szolg\u00e1ltat\u00e1st szeretn\u00e9nek ig\u00e9nybe venni?<\/label><select id=\"wpforms-119-field_9\" class=\"wpforms-field-medium\" name=\"wpforms[fields][9]\"><option value=\"\" class=\"placeholder\" disabled  selected='selected'>k\u00e9rj\u00fck v\u00e1lasszon!<\/option><option value=\"Mindegyik \u00e9rdekel\" >Mindegyik \u00e9rdekel<\/option><option value=\"Rendszergazdai szolg\u00e1ltat\u00e1st\" >Rendszergazdai szolg\u00e1ltat\u00e1st<\/option><option value=\"Szerver menedzsment szolg\u00e1ltat\u00e1st\" >Szerver menedzsment szolg\u00e1ltat\u00e1st<\/option><option value=\"Biztons\u00e1gtechnikai szolg\u00e1ltat\u00e1st\" >Biztons\u00e1gtechnikai szolg\u00e1ltat\u00e1st<\/option><option value=\"IT biztons\u00e1gi szolg\u00e1ltat\u00e1st\" >IT biztons\u00e1gi szolg\u00e1ltat\u00e1st<\/option><option value=\"IT h\u00e1l\u00f3zat \u00e9p\u00edt\u00e9st\" >IT h\u00e1l\u00f3zat \u00e9p\u00edt\u00e9st<\/option><option value=\"IT k\u00f6lts\u00e9g optimaliz\u00e1l\u00e1st\" >IT k\u00f6lts\u00e9g optimaliz\u00e1l\u00e1st<\/option><option value=\"IT technol\u00f3gia fejleszt\u00e9st\" >IT technol\u00f3gia fejleszt\u00e9st<\/option><\/select><\/div><div id=\"wpforms-119-field_10-container\" class=\"wpforms-field wpforms-field-select wpforms-field-select-style-classic\" data-field-id=\"10\"><label class=\"wpforms-field-label\" for=\"wpforms-119-field_10\">Eseti feladat ell\u00e1t\u00e1sra, vagy rendszeres szolg\u00e1ltat\u00e1sra van sz\u00fcks\u00e9g\u00fck?<\/label><select id=\"wpforms-119-field_10\" class=\"wpforms-field-medium\" name=\"wpforms[fields][10]\"><option value=\"\" class=\"placeholder\" disabled  selected='selected'>k\u00e9rj\u00fck v\u00e1lasszon!<\/option><option value=\"Rendszeres szolg\u00e1ltat\u00e1si ig\u00e9ny\u00fcnk van\" >Rendszeres szolg\u00e1ltat\u00e1si ig\u00e9ny\u00fcnk van<\/option><option value=\"Eseti feladat ell\u00e1t\u00e1sra van sz\u00fcks\u00e9g\u00fcnk\" >Eseti feladat ell\u00e1t\u00e1sra van sz\u00fcks\u00e9g\u00fcnk<\/option><option value=\"Mindk\u00e9t lehet\u0151s\u00e9g \u00e9rdekel, de szeretn\u00e9k t\u00f6bbet megtudni\" >Mindk\u00e9t lehet\u0151s\u00e9g \u00e9rdekel, de szeretn\u00e9k t\u00f6bbet megtudni<\/option><\/select><\/div><div id=\"wpforms-119-field_11-container\" class=\"wpforms-field wpforms-field-select wpforms-field-select-style-classic\" data-field-id=\"11\"><label class=\"wpforms-field-label\" for=\"wpforms-119-field_11\">Honnan hallott r\u00f3lunk?<\/label><select id=\"wpforms-119-field_11\" class=\"wpforms-field-medium\" name=\"wpforms[fields][11]\"><option value=\"\" class=\"placeholder\" disabled  selected='selected'>k\u00e9rj\u00fck v\u00e1lasszon!<\/option><option value=\"Ismer\u0151s aj\u00e1nlotta\" >Ismer\u0151s aj\u00e1nlotta<\/option><option value=\"Internetes keres\u00e9s sor\u00e1n\" >Internetes keres\u00e9s sor\u00e1n<\/option><option value=\"Facebook, Instagram, Tiktok\" >Facebook, Instagram, Tiktok<\/option><option value=\"Kor\u00e1bban m\u00e1r dolgoztunk egy\u00fctt\" >Kor\u00e1bban m\u00e1r dolgoztunk egy\u00fctt<\/option><\/select><\/div><div id=\"wpforms-119-field_12-container\" class=\"wpforms-field wpforms-field-textarea\" data-field-id=\"12\"><label class=\"wpforms-field-label\" for=\"wpforms-119-field_12\">\u00dczenet<\/label><textarea id=\"wpforms-119-field_12\" class=\"wpforms-field-medium\" name=\"wpforms[fields][12]\" aria-errormessage=\"wpforms-119-field_12-error\" ><\/textarea><\/div><\/div><!-- .wpforms-field-container --><div class=\"wpforms-submit-container\" ><input type=\"hidden\" name=\"wpforms[id]\" value=\"119\"><input type=\"hidden\" name=\"wpforms[author]\" value=\"1\"><button type=\"submit\" name=\"wpforms[submit]\" id=\"wpforms-submit-119\" class=\"wpforms-submit\" data-alt-text=\"K\u00fcld\u00e9s...\" data-submit-text=\"Elk\u00fcld\" aria-live=\"assertive\" value=\"wpforms-submit\">Elk\u00fcld<\/button><img loading=\"lazy\" decoding=\"async\" src=\"https:\/\/gridnet.hu\/wp-content\/plugins\/wpforms-lite\/assets\/images\/submit-spin.svg\" class=\"wpforms-submit-spinner\" style=\"display: none;\" width=\"26\" height=\"26\" alt=\"Loading\"><\/div><\/form><\/div>  <!-- .wpforms-container --><\/span><\/td>\n<td style=\"width: 34.2369%; height: 24px; background-color: #c2c2c2; border-style: solid; vertical-align: top;\">\n<h1><img loading=\"lazy\" decoding=\"async\" class=\"alignnone size-medium wp-image-137 aligncenter\" src=\"https:\/\/gridnet.hu\/wp-content\/uploads\/2023\/09\/gridnet_logo-300x85.png\" alt=\"\" width=\"300\" height=\"85\" srcset=\"https:\/\/gridnet.hu\/wp-content\/uploads\/2023\/09\/gridnet_logo-300x85.png 300w, https:\/\/gridnet.hu\/wp-content\/uploads\/2023\/09\/gridnet_logo-1024x290.png 1024w, https:\/\/gridnet.hu\/wp-content\/uploads\/2023\/09\/gridnet_logo-768x217.png 768w, https:\/\/gridnet.hu\/wp-content\/uploads\/2023\/09\/gridnet_logo-1536x434.png 1536w, https:\/\/gridnet.hu\/wp-content\/uploads\/2023\/09\/gridnet_logo.png 1768w\" sizes=\"auto, (max-width: 300px) 100vw, 300px\" \/><\/h1>\n<h1><span style=\"font-family: arial, helvetica, sans-serif;\">\ud83d\udcde L\u00e9pjen Kapcsolatba Vel\u00fcnk !<\/span><\/h1>\n<h1><span style=\"font-family: arial, helvetica, sans-serif;\">\u00a0<\/span><\/h1>\n<p style=\"text-align: center;\"><span style=\"font-family: arial, helvetica, sans-serif; color: #000000; font-size: 20px;\">Hisz\u00fcnk benne, hogy a\u00a0 sikerhez vezet\u0151 \u00faton mi vagyunk a legjobb partner. B\u00e1rmilyen k\u00e9rd\u00e9se vagy k\u00e9r\u00e9se van, k\u00e9szen \u00e1llunk a seg\u00edts\u00e9gny\u00fajt\u00e1sra. Ne habozzon, l\u00e9pjen kapcsolatba vel\u00fcnk m\u00e9g ma, \u00e9s kezdj\u00fck el egy\u00fctt a k\u00f6vetkez\u0151 l\u00e9p\u00e9st a siker fel\u00e9!<\/span><\/p>\n<p>&nbsp;<\/p>\n<p>&nbsp;<\/p>\n<p style=\"text-align: center;\"><span style=\"font-family: arial, helvetica, sans-serif;\">\ud83d\udce7\u00a0Email:\u00a0<a href=\"mailto:info@gridnet.hu\">info@gridnet.hu<\/a>\u00a0\ud83d\udcde\u00a0Telefon: [+36 1 445 2115]\u00a0\ud83c\udf10\u00a0Weboldal:\u00a0<a href=\"http:\/\/www.cegneve.hu\/\" target=\"_new\" rel=\"noopener\">www.gridnet.hu<\/a><\/span><\/p>\n<\/td>\n<\/tr>\n<\/tbody>\n<\/table>\n","protected":false},"excerpt":{"rendered":"<p>\ud83d\udcde L\u00e9pjen Kapcsolatba Vel\u00fcnk ! \u00a0 Hisz\u00fcnk benne, hogy a\u00a0 sikerhez vezet\u0151 \u00faton mi vagyunk a legjobb partner. B\u00e1rmilyen k\u00e9rd\u00e9se vagy k\u00e9r\u00e9se van, k\u00e9szen \u00e1llunk a seg\u00edts\u00e9gny\u00fajt\u00e1sra. Ne habozzon, l\u00e9pjen kapcsolatba vel\u00fcnk m\u00e9g ma, \u00e9s kezdj\u00fck el egy\u00fctt a k\u00f6vetkez\u0151 l\u00e9p\u00e9st a siker fel\u00e9! &nbsp; &nbsp; \ud83d\udce7\u00a0Email:\u00a0info@gridnet.hu\u00a0\ud83d\udcde\u00a0Telefon: [+36 1 445 2115]\u00a0\ud83c\udf10\u00a0Weboldal:\u00a0www.gridnet.hu<\/p>\n","protected":false},"author":1,"featured_media":0,"parent":0,"menu_order":0,"comment_status":"closed","ping_status":"closed","template":"page-templates\/page-full-width.php","meta":{"footnotes":""},"class_list":["post-91","page","type-page","status-publish","hentry"],"yoast_head":"<!-- This site is optimized with the Yoast SEO plugin v21.4 - https:\/\/yoast.com\/wordpress\/plugins\/seo\/ -->\n<title>L\u00e9pjen kapcsolatba vel\u00fcnk! - GRID NET Zrt. - IT<\/title>\n<meta name=\"description\" content=\"Informatikai szolg\u00e1ltat\u00e1sok \u00e9s h\u00e1l\u00f3zat\u00e9p\u00edt\u00e9s szak\u00e9rt\u0151kt\u0151l a Grid Net Zrt-n\u00e9l. Seg\u00edt\u00fcnk v\u00e1llalkoz\u00e1s\u00e1nak.\" \/>\n<meta name=\"robots\" content=\"index, follow, max-snippet:-1, max-image-preview:large, max-video-preview:-1\" \/>\n<link rel=\"canonical\" href=\"https:\/\/gridnet.hu\/?page_id=91\" \/>\n<meta property=\"og:locale\" content=\"hu_HU\" \/>\n<meta property=\"og:type\" content=\"article\" \/>\n<meta property=\"og:title\" content=\"L\u00e9pjen kapcsolatba vel\u00fcnk! - GRID NET Zrt. - IT\" \/>\n<meta property=\"og:description\" content=\"Informatikai szolg\u00e1ltat\u00e1sok \u00e9s h\u00e1l\u00f3zat\u00e9p\u00edt\u00e9s szak\u00e9rt\u0151kt\u0151l a Grid Net Zrt-n\u00e9l. Seg\u00edt\u00fcnk v\u00e1llalkoz\u00e1s\u00e1nak.\" \/>\n<meta property=\"og:url\" content=\"https:\/\/gridnet.hu\/?page_id=91\" \/>\n<meta property=\"og:site_name\" content=\"GRID NET Zrt. - IT\" \/>\n<meta property=\"article:publisher\" content=\"https:\/\/www.facebook.com\/profile.php?id=61551689613377\" \/>\n<meta property=\"article:modified_time\" content=\"2023-09-23T18:07:16+00:00\" \/>\n<meta property=\"og:image\" content=\"https:\/\/gridnet.hu\/wp-content\/uploads\/2023\/09\/gridnet_logo-300x85.png\" \/>\n<meta name=\"twitter:card\" content=\"summary_large_image\" \/>\n<script type=\"application\/ld+json\" class=\"yoast-schema-graph\">{\"@context\":\"https:\/\/schema.org\",\"@graph\":[{\"@type\":\"WebPage\",\"@id\":\"https:\/\/gridnet.hu\/?page_id=91\",\"url\":\"https:\/\/gridnet.hu\/?page_id=91\",\"name\":\"L\u00e9pjen kapcsolatba vel\u00fcnk! - GRID NET Zrt. - IT\",\"isPartOf\":{\"@id\":\"https:\/\/gridnet.hu\/#website\"},\"datePublished\":\"2023-09-22T08:16:06+00:00\",\"dateModified\":\"2023-09-23T18:07:16+00:00\",\"description\":\"Informatikai szolg\u00e1ltat\u00e1sok \u00e9s h\u00e1l\u00f3zat\u00e9p\u00edt\u00e9s szak\u00e9rt\u0151kt\u0151l a Grid Net Zrt-n\u00e9l. Seg\u00edt\u00fcnk v\u00e1llalkoz\u00e1s\u00e1nak.\",\"breadcrumb\":{\"@id\":\"https:\/\/gridnet.hu\/?page_id=91#breadcrumb\"},\"inLanguage\":\"hu\",\"potentialAction\":[{\"@type\":\"ReadAction\",\"target\":[\"https:\/\/gridnet.hu\/?page_id=91\"]}]},{\"@type\":\"BreadcrumbList\",\"@id\":\"https:\/\/gridnet.hu\/?page_id=91#breadcrumb\",\"itemListElement\":[{\"@type\":\"ListItem\",\"position\":1,\"name\":\"Kezd\u0151lap\",\"item\":\"https:\/\/gridnet.hu\/\"},{\"@type\":\"ListItem\",\"position\":2,\"name\":\"L\u00e9pjen kapcsolatba vel\u00fcnk!\"}]},{\"@type\":\"WebSite\",\"@id\":\"https:\/\/gridnet.hu\/#website\",\"url\":\"https:\/\/gridnet.hu\/\",\"name\":\"GRID NET Zrt. - IT\",\"description\":\"GRID NET Zrt. Informatikai - Rendszergazdai szolg\u00e1ltat\u00e1sok!\",\"publisher\":{\"@id\":\"https:\/\/gridnet.hu\/#organization\"},\"alternateName\":\"GRID NET Zrt.\",\"potentialAction\":[{\"@type\":\"SearchAction\",\"target\":{\"@type\":\"EntryPoint\",\"urlTemplate\":\"https:\/\/gridnet.hu\/?s={search_term_string}\"},\"query-input\":\"required name=search_term_string\"}],\"inLanguage\":\"hu\"},{\"@type\":\"Organization\",\"@id\":\"https:\/\/gridnet.hu\/#organization\",\"name\":\"GRID NET Zrt.\",\"url\":\"https:\/\/gridnet.hu\/\",\"logo\":{\"@type\":\"ImageObject\",\"inLanguage\":\"hu\",\"@id\":\"https:\/\/gridnet.hu\/#\/schema\/logo\/image\/\",\"url\":\"https:\/\/gridnet.hu\/wp-content\/uploads\/2023\/09\/gridnet_logo.png\",\"contentUrl\":\"https:\/\/gridnet.hu\/wp-content\/uploads\/2023\/09\/gridnet_logo.png\",\"width\":1768,\"height\":500,\"caption\":\"GRID NET Zrt.\"},\"image\":{\"@id\":\"https:\/\/gridnet.hu\/#\/schema\/logo\/image\/\"},\"sameAs\":[\"https:\/\/www.facebook.com\/profile.php?id=61551689613377\"]}]}<\/script>\n<!-- \/ Yoast SEO plugin. -->","yoast_head_json":{"title":"L\u00e9pjen kapcsolatba vel\u00fcnk! - GRID NET Zrt. - IT","description":"Informatikai szolg\u00e1ltat\u00e1sok \u00e9s h\u00e1l\u00f3zat\u00e9p\u00edt\u00e9s szak\u00e9rt\u0151kt\u0151l a Grid Net Zrt-n\u00e9l. Seg\u00edt\u00fcnk v\u00e1llalkoz\u00e1s\u00e1nak.","robots":{"index":"index","follow":"follow","max-snippet":"max-snippet:-1","max-image-preview":"max-image-preview:large","max-video-preview":"max-video-preview:-1"},"canonical":"https:\/\/gridnet.hu\/?page_id=91","og_locale":"hu_HU","og_type":"article","og_title":"L\u00e9pjen kapcsolatba vel\u00fcnk! - GRID NET Zrt. - IT","og_description":"Informatikai szolg\u00e1ltat\u00e1sok \u00e9s h\u00e1l\u00f3zat\u00e9p\u00edt\u00e9s szak\u00e9rt\u0151kt\u0151l a Grid Net Zrt-n\u00e9l. Seg\u00edt\u00fcnk v\u00e1llalkoz\u00e1s\u00e1nak.","og_url":"https:\/\/gridnet.hu\/?page_id=91","og_site_name":"GRID NET Zrt. - IT","article_publisher":"https:\/\/www.facebook.com\/profile.php?id=61551689613377","article_modified_time":"2023-09-23T18:07:16+00:00","og_image":[{"url":"https:\/\/gridnet.hu\/wp-content\/uploads\/2023\/09\/gridnet_logo-300x85.png"}],"twitter_card":"summary_large_image","schema":{"@context":"https:\/\/schema.org","@graph":[{"@type":"WebPage","@id":"https:\/\/gridnet.hu\/?page_id=91","url":"https:\/\/gridnet.hu\/?page_id=91","name":"L\u00e9pjen kapcsolatba vel\u00fcnk! - GRID NET Zrt. - IT","isPartOf":{"@id":"https:\/\/gridnet.hu\/#website"},"datePublished":"2023-09-22T08:16:06+00:00","dateModified":"2023-09-23T18:07:16+00:00","description":"Informatikai szolg\u00e1ltat\u00e1sok \u00e9s h\u00e1l\u00f3zat\u00e9p\u00edt\u00e9s szak\u00e9rt\u0151kt\u0151l a Grid Net Zrt-n\u00e9l. Seg\u00edt\u00fcnk v\u00e1llalkoz\u00e1s\u00e1nak.","breadcrumb":{"@id":"https:\/\/gridnet.hu\/?page_id=91#breadcrumb"},"inLanguage":"hu","potentialAction":[{"@type":"ReadAction","target":["https:\/\/gridnet.hu\/?page_id=91"]}]},{"@type":"BreadcrumbList","@id":"https:\/\/gridnet.hu\/?page_id=91#breadcrumb","itemListElement":[{"@type":"ListItem","position":1,"name":"Kezd\u0151lap","item":"https:\/\/gridnet.hu\/"},{"@type":"ListItem","position":2,"name":"L\u00e9pjen kapcsolatba vel\u00fcnk!"}]},{"@type":"WebSite","@id":"https:\/\/gridnet.hu\/#website","url":"https:\/\/gridnet.hu\/","name":"GRID NET Zrt. - IT","description":"GRID NET Zrt. Informatikai - Rendszergazdai szolg\u00e1ltat\u00e1sok!","publisher":{"@id":"https:\/\/gridnet.hu\/#organization"},"alternateName":"GRID NET Zrt.","potentialAction":[{"@type":"SearchAction","target":{"@type":"EntryPoint","urlTemplate":"https:\/\/gridnet.hu\/?s={search_term_string}"},"query-input":"required name=search_term_string"}],"inLanguage":"hu"},{"@type":"Organization","@id":"https:\/\/gridnet.hu\/#organization","name":"GRID NET Zrt.","url":"https:\/\/gridnet.hu\/","logo":{"@type":"ImageObject","inLanguage":"hu","@id":"https:\/\/gridnet.hu\/#\/schema\/logo\/image\/","url":"https:\/\/gridnet.hu\/wp-content\/uploads\/2023\/09\/gridnet_logo.png","contentUrl":"https:\/\/gridnet.hu\/wp-content\/uploads\/2023\/09\/gridnet_logo.png","width":1768,"height":500,"caption":"GRID NET Zrt."},"image":{"@id":"https:\/\/gridnet.hu\/#\/schema\/logo\/image\/"},"sameAs":["https:\/\/www.facebook.com\/profile.php?id=61551689613377"]}]}},"_links":{"self":[{"href":"https:\/\/gridnet.hu\/index.php?rest_route=\/wp\/v2\/pages\/91","targetHints":{"allow":["GET"]}}],"collection":[{"href":"https:\/\/gridnet.hu\/index.php?rest_route=\/wp\/v2\/pages"}],"about":[{"href":"https:\/\/gridnet.hu\/index.php?rest_route=\/wp\/v2\/types\/page"}],"author":[{"embeddable":true,"href":"https:\/\/gridnet.hu\/index.php?rest_route=\/wp\/v2\/users\/1"}],"replies":[{"embeddable":true,"href":"https:\/\/gridnet.hu\/index.php?rest_route=%2Fwp%2Fv2%2Fcomments&post=91"}],"version-history":[{"count":3,"href":"https:\/\/gridnet.hu\/index.php?rest_route=\/wp\/v2\/pages\/91\/revisions"}],"predecessor-version":[{"id":143,"href":"https:\/\/gridnet.hu\/index.php?rest_route=\/wp\/v2\/pages\/91\/revisions\/143"}],"wp:attachment":[{"href":"https:\/\/gridnet.hu\/index.php?rest_route=%2Fwp%2Fv2%2Fmedia&parent=91"}],"curies":[{"name":"wp","href":"https:\/\/api.w.org\/{rel}","templated":true}]}}